{"id":41,"date":"2017-05-13T17:59:49","date_gmt":"2017-05-13T17:59:49","guid":{"rendered":"http:\/\/vmva.hu\/?page_id=41"},"modified":"2018-06-07T12:10:28","modified_gmt":"2018-06-07T12:10:28","slug":"alapitvanyunk","status":"publish","type":"page","link":"https:\/\/www.vmva.hu\/index.php\/alapitvanyunk\/","title":{"rendered":"Alap\u00edtv\u00e1nyunk"},"content":{"rendered":"<p><img loading=\"lazy\" decoding=\"async\" src=\"http:\/\/vmva.hu\/wp-content\/uploads\/2017\/05\/belvarosi_uzlethaz-300x100.jpg\" alt=\"\" width=\"300\" height=\"100\" class=\"aligncenter wp-image-127\" srcset=\"https:\/\/www.vmva.hu\/wp-content\/uploads\/2017\/05\/belvarosi_uzlethaz-300x100.jpg 300w, https:\/\/www.vmva.hu\/wp-content\/uploads\/2017\/05\/belvarosi_uzlethaz.jpg 730w\" sizes=\"(max-width: 300px) 100vw, 300px\" \/><\/p>\n<p>&nbsp;<\/p>\n<p><strong>K\u00fcldet\u00e9s:\u00a0<\/strong><\/p>\n<p>Az alap\u00edtv\u00e1ny k\u00fcldet\u00e9se, hogy magas sz\u00ednvonal\u00fa, k\u00f6nnyen hozz\u00e1f\u00e9rhet\u0151 p\u00e9nz\u00fcgyi, \u00fczletfejleszt\u00e9si \u00e9s k\u00e9pz\u00e9si, szolg\u00e1ltat\u00e1sokat fejlesszen \u00e9s biztos\u00edtson abb\u00f3l a c\u00e9lb\u00f3l, hogy fejlessze a magyar mikro- kis \u00e9s k\u00f6z\u00e9pv\u00e1llalkoz\u00f3k azon k\u00e9pess\u00e9geit \u00e9s k\u00e9szs\u00e9geit, amelyek alkalmass\u00e1 teszik \u0151ket arra, hogy anyagi \u00e9s t\u00e1rsadalmi helyzet\u00fck\u00f6n, valamint \u00e9letk\u00f6r\u00fclm\u00e9nyeiken jav\u00edtsanak<\/p>\n<p>&nbsp;<\/p>\n<p>A <strong>Veszpr\u00e9m Megyei V\u00e1llalkoz\u00e1sfejleszt\u00e9si Alap\u00edtv\u00e1ny<\/strong>t \u2013 akkor m\u00e9g nem ezen a n\u00e9ven \u2013 1991. december\u00e9ben hozta l\u00e9tre az egyetlen alap\u00edt\u00f3, Veszpr\u00e9m Megye \u00d6nkorm\u00e1nyzata a kis- \u00e9s k\u00f6z\u00e9pv\u00e1llalkoz\u00f3i szf\u00e9ra t\u00e1mogat\u00e1s\u00e1ra. A gyakorlati munk\u00e1t v\u00e9gz\u0151 munkaszervezet, a V\u00e1llalkoz\u00e1si K\u00f6zpont 1992. m\u00e1rcius 1. \u00f3ta m\u0171k\u00f6dik. A tev\u00e9kenys\u00e9get az els\u0151 id\u0151ben meghat\u00e1roz\u00f3an az EU Phare-programja finansz\u00edrozta, el\u0151zetesen j\u00f3v\u00e1hagyott \u00fczleti terv alapj\u00e1n, a Magyar V\u00e1llalkoz\u00e1sfejleszt\u00e9si Alap\u00edtv\u00e1ny (MVA) koordin\u00e1ci\u00f3j\u00e1val, szakmai seg\u00edts\u00e9gny\u00fajt\u00e1s\u00e1val \u00e9s ellen\u0151rz\u00e9s\u00e9vel. Annak \u00e9rdek\u00e9ben, hogy a megyei v\u00e1llalkoz\u00f3k min\u00e9l k\u00f6nnyebben hozz\u00e1jussanak a szolg\u00e1ltat\u00e1sokhoz, az alap\u00edt\u00e1st k\u00f6vet\u0151en a helyi er\u0151kkel egy\u00fcttm\u0171k\u00f6dve azonnal l\u00e9trehoztunk 7 v\u00e1rosi, illetve kist\u00e9rs\u00e9gi irod\u00e1t.<\/p>\n<p>A kezdeti sz\u00e9lesk\u00f6r\u0171 tev\u00e9kenys\u00e9get a Prahe-finansz\u00edroz\u00e1s seg\u00edts\u00e9g\u00e9vel alak\u00edtottuk ki. Ebben szerepelt ter\u00fcleti \u00e9s \u00e1gazati strat\u00e9gi\u00e1k k\u00e9sz\u00edt\u00e9se, sokoldal\u00fa v\u00e1llalkoz\u00f3i tan\u00e1csad\u00e1s, tr\u00e9ningek tart\u00e1sa kezd\u0151 \u00e9s fejlettebb v\u00e1llalkoz\u00f3k sz\u00e1m\u00e1ra, hazai \u00e9s k\u00fclf\u00f6ldi marketing rendezv\u00e9nyek szervez\u00e9se, illetve t\u00e1mogat\u00e1sa, szakk\u00f6nyvek megjelentet\u00e9se, inform\u00e1ci\u00f3k ny\u00fajt\u00e1sa a v\u00e1llalkoz\u00f3knak, vagy azoknak az \u00e9rdekl\u0151d\u0151knek, akik m\u00e9g csak k\u00e9sz\u00fclnek v\u00e1llalkoz\u00e1suk megalap\u00edt\u00e1s\u00e1ra. Ajk\u00e1n, \u00e9s S\u00fcmegen jelent\u0151s anyagi szerepv\u00e1llal\u00e1ssal j\u00e1rultunk hozz\u00e1 inkub\u00e1torh\u00e1z kialak\u00edt\u00e1s\u00e1hoz, alap\u00edt\u00f3k\u00e9nt vett\u00fcnk r\u00e9szt a Veszpr\u00e9mi Region\u00e1lis Innov\u00e1ci\u00f3s Centrum, s az ezen bel\u00fcl m\u0171k\u00f6d\u0151 inkub\u00e1torh\u00e1z l\u00e9trehoz\u00e1s\u00e1ban. Kezdett\u0151l kiemelked\u0151 jelent\u0151s\u00e9g\u0171 volt a mikrohitel-program.<\/p>\n<p>Ma m\u00e1r els\u0151sorban p\u00e1ly\u00e1zati \u00faton, konkr\u00e9t programok v\u00e9grehajt\u00e1s\u00e1hoz tudunk finansz\u00edroz\u00e1shoz jutni.<\/p>\n<p>Alap\u00edtv\u00e1nyunk a fiatal v\u00e1llalkoz\u00f3kat seg\u00edt\u0151 \u00c9letp\u00e1lya Alap\u00edtv\u00e1ny megyei k\u00f6zpontja is.<br \/>\nA t\u00e9rs\u00e9gi irod\u00e1k az eltelt \u00e9vek sor\u00e1n ugyancsak betagoz\u00f3dtak a v\u00e1rosuk, illetve kist\u00e9rs\u00e9g\u00fck gazdas\u00e1gi \u00e9let\u00e9be, s az alap\u00edtv\u00e1nyunkt\u00f3l kapott feladatok mellett r\u00e9szt vesznek az \u00fczleti \u00e9let helyi feladatainak ell\u00e1t\u00e1s\u00e1ban.<\/p>\n<p>Legfontosabb partnereink k\u00f6z\u00e9 v\u00e1ltozatlanul alap\u00edt\u00f3nkat, Veszpr\u00e9m Megye \u00d6nkorm\u00e1nyzat\u00e1t, illetve azokat a helyi \u00f6nkorm\u00e1nyzatokat, kist\u00e9rs\u00e9gi szervezeteket soroljuk, amelyekkel k\u00f6z\u00f6sen m\u0171k\u00f6dtetj\u00fck v\u00e1rosi irod\u00e1inkat. Rendk\u00edv\u00fcl fontos a Magyar V\u00e1llalkoz\u00e1sfejleszt\u00e9si Alap\u00edtv\u00e1nnyal a Mikrohitel r\u00e9v\u00e9n megl\u00e9v\u0151 napi kapcsolat. Mind jelent\u0151sebb a szomsz\u00e9d megy\u00e9kben m\u0171k\u00f6d\u0151 v\u00e1llalkoz\u00e1sfejleszt\u00e9si alap\u00edtv\u00e1nyokkal val\u00f3 koordin\u00e1ci\u00f3. (Emellett akt\u00edvan r\u00e9szt vesz\u00fcnk a V\u00e1llalkoz\u00e1sfejleszt\u00e9si Alap\u00edtv\u00e1nyok H\u00e1l\u00f3zat\u00e1nak munk\u00e1j\u00e1ban.)<\/p>\n<p>&nbsp;<\/p>\n<p>Let\u00f6lthet\u0151 dokumentumok:<\/p>\n<p><a href=\"http:\/\/vmva.hu\/wp-content\/uploads\/2017\/05\/VMVA_Kiegeszit_melleklet_2015.pdf\">VMVA Kieg\u00e9sz\u00edt\u0151 mell\u00e9klet 2015<\/a><br \/>\n<a href=\"http:\/\/vmva.hu\/wp-content\/uploads\/2017\/05\/VMVA_Beszamolo_2015.pdf\">VMVA besz\u00e1mol\u00f3 2015<\/a><br \/>\n<a href=\"http:\/\/vmva.hu\/wp-content\/uploads\/2017\/05\/Konyvvizsgaloi_jelentes_2015.pdf\">K\u00f6nyvvizg\u00e1l\u00f3i jelent\u00e9s 2015<br \/>\n<\/a><a href=\"http:\/\/vmva.hu\/wp-content\/uploads\/2017\/05\/VMVA_Hatarozatok_2016.pdf\">VMVA hat\u00e1rozatok 2016<\/a><a href=\"http:\/\/vmva.hu\/wp-content\/uploads\/2017\/05\/Konyvvizsgaloi_jelentes_2015.pdf\"><br \/>\n<\/a><\/p>\n","protected":false},"excerpt":{"rendered":"<p>&nbsp; K\u00fcldet\u00e9s:\u00a0 Az alap\u00edtv\u00e1ny k\u00fcldet\u00e9se, hogy magas sz\u00ednvonal\u00fa, k\u00f6nnyen hozz\u00e1f\u00e9rhet\u0151 p\u00e9nz\u00fcgyi, \u00fczletfejleszt\u00e9si \u00e9s k\u00e9pz\u00e9si, szolg\u00e1ltat\u00e1sokat fejlesszen \u00e9s biztos\u00edtson abb\u00f3l a c\u00e9lb\u00f3l, hogy fejlessze a magyar mikro- kis \u00e9s k\u00f6z\u00e9pv\u00e1llalkoz\u00f3k azon k\u00e9pess\u00e9geit \u00e9s k\u00e9szs\u00e9geit, amelyek alkalmass\u00e1 teszik \u0151ket arra, hogy anyagi \u00e9s t\u00e1rsadalmi helyzet\u00fck\u00f6n, valamint \u00e9letk\u00f6r\u00fclm\u00e9nyeiken jav\u00edtsanak &nbsp; A Veszpr\u00e9m Megyei V\u00e1llalkoz\u00e1sfejleszt\u00e9si Alap\u00edtv\u00e1nyt \u2013 akkor m\u00e9g [&hellip;]<\/p>\n","protected":false},"author":1,"featured_media":91,"parent":0,"menu_order":0,"comment_status":"closed","ping_status":"closed","template":"","meta":{"footnotes":""},"_links":{"self":[{"href":"https:\/\/www.vmva.hu\/index.php\/wp-json\/wp\/v2\/pages\/41"}],"collection":[{"href":"https:\/\/www.vmva.hu\/index.php\/wp-json\/wp\/v2\/pages"}],"about":[{"href":"https:\/\/www.vmva.hu\/index.php\/wp-json\/wp\/v2\/types\/page"}],"author":[{"embeddable":true,"href":"https:\/\/www.vmva.hu\/index.php\/wp-json\/wp\/v2\/users\/1"}],"replies":[{"embeddable":true,"href":"https:\/\/www.vmva.hu\/index.php\/wp-json\/wp\/v2\/comments?post=41"}],"version-history":[{"count":5,"href":"https:\/\/www.vmva.hu\/index.php\/wp-json\/wp\/v2\/pages\/41\/revisions"}],"predecessor-version":[{"id":135,"href":"https:\/\/www.vmva.hu\/index.php\/wp-json\/wp\/v2\/pages\/41\/revisions\/135"}],"wp:featuredmedia":[{"embeddable":true,"href":"https:\/\/www.vmva.hu\/index.php\/wp-json\/wp\/v2\/media\/91"}],"wp:attachment":[{"href":"https:\/\/www.vmva.hu\/index.php\/wp-json\/wp\/v2\/media?parent=41"}],"curies":[{"name":"wp","href":"https:\/\/api.w.org\/{rel}","templated":true}]}}