{"id":56,"date":"2017-05-13T18:18:10","date_gmt":"2017-05-13T18:18:10","guid":{"rendered":"http:\/\/vmva.hu\/?page_id=56"},"modified":"2024-01-24T15:39:08","modified_gmt":"2024-01-24T15:39:08","slug":"kapcsolat","status":"publish","type":"page","link":"https:\/\/www.vmva.hu\/index.php\/kapcsolat\/","title":{"rendered":"Kapcsolat"},"content":{"rendered":"\n<p class=\"has-text-align-center\"><strong>K\u00e9rd\u00e9sei eset\u00e9n k\u00e9szs\u00e9ggel \u00e1llunk rendelkez\u00e9s\u00e9re!<\/strong><\/p>\n\n\n<div class=\"wp-block-image\">\n<figure class=\"aligncenter\"><img loading=\"lazy\" decoding=\"async\" width=\"150\" height=\"150\" src=\"http:\/\/vmva.hu\/wp-content\/uploads\/2017\/05\/VMVA-150x150.png\" alt=\"\" class=\"wp-image-32\" srcset=\"https:\/\/www.vmva.hu\/wp-content\/uploads\/2017\/05\/VMVA-150x150.png 150w, https:\/\/www.vmva.hu\/wp-content\/uploads\/2017\/05\/VMVA-300x300.png 300w, https:\/\/www.vmva.hu\/wp-content\/uploads\/2017\/05\/VMVA-768x768.png 768w, https:\/\/www.vmva.hu\/wp-content\/uploads\/2017\/05\/VMVA-1024x1024.png 1024w, https:\/\/www.vmva.hu\/wp-content\/uploads\/2017\/05\/VMVA.png 2696w\" sizes=\"(max-width: 150px) 100vw, 150px\" \/><\/figure><\/div>\n\n\n<script data-b24-form=\"inline\/9\/cw1ndo\" data-skip-moving=\"true\">\n\t(function(w,d,u){\n\t\tvar s=d.createElement('script');s.async=true;s.src=u+'?'+(Date.now()\/180000|0);\n\t\tvar h=d.getElementsByTagName('script')[0];h.parentNode.insertBefore(s,h);\n\t})(window,document,'https:\/\/cdn.bitrix24.eu\/b18356833\/crm\/form\/loader_9.js');\n\t<\/script>\n\n\n\n\n<p>Veszpr\u00e9m V\u00e1rmegyei V\u00e1llalkoz\u00e1sfejleszt\u00e9si Alap\u00edtv\u00e1ny<br>8200 Veszpr\u00e9m, Kossuth u. 10., fsz. 12-es iroda (a bej\u00e1rat mellett balra)<br>Szem\u00e9lyes \u00fcgyf\u00e9lfogad\u00e1s: minden kedden \u00e9s cs\u00fct\u00f6rt\u00f6k\u00f6n 9:00-14:00<br>Telefonsz\u00e1m: (+36) 70 \/ 672 1815<br>E-mail: info@rvagroup.hu<\/p>\n","protected":false},"excerpt":{"rendered":"<p>K\u00e9rd\u00e9sei eset\u00e9n k\u00e9szs\u00e9ggel \u00e1llunk rendelkez\u00e9s\u00e9re! Veszpr\u00e9m V\u00e1rmegyei V\u00e1llalkoz\u00e1sfejleszt\u00e9si Alap\u00edtv\u00e1ny8200 Veszpr\u00e9m, Kossuth u. 10., fsz. 12-es iroda (a bej\u00e1rat mellett balra)Szem\u00e9lyes \u00fcgyf\u00e9lfogad\u00e1s: minden kedden \u00e9s cs\u00fct\u00f6rt\u00f6k\u00f6n 9:00-14:00Telefonsz\u00e1m: (+36) 70 \/ 672 1815E-mail: info@rvagroup.hu<\/p>\n","protected":false},"author":1,"featured_media":109,"parent":0,"menu_order":0,"comment_status":"closed","ping_status":"closed","template":"","meta":{"footnotes":""},"_links":{"self":[{"href":"https:\/\/www.vmva.hu\/index.php\/wp-json\/wp\/v2\/pages\/56"}],"collection":[{"href":"https:\/\/www.vmva.hu\/index.php\/wp-json\/wp\/v2\/pages"}],"about":[{"href":"https:\/\/www.vmva.hu\/index.php\/wp-json\/wp\/v2\/types\/page"}],"author":[{"embeddable":true,"href":"https:\/\/www.vmva.hu\/index.php\/wp-json\/wp\/v2\/users\/1"}],"replies":[{"embeddable":true,"href":"https:\/\/www.vmva.hu\/index.php\/wp-json\/wp\/v2\/comments?post=56"}],"version-history":[{"count":14,"href":"https:\/\/www.vmva.hu\/index.php\/wp-json\/wp\/v2\/pages\/56\/revisions"}],"predecessor-version":[{"id":273,"href":"https:\/\/www.vmva.hu\/index.php\/wp-json\/wp\/v2\/pages\/56\/revisions\/273"}],"wp:featuredmedia":[{"embeddable":true,"href":"https:\/\/www.vmva.hu\/index.php\/wp-json\/wp\/v2\/media\/109"}],"wp:attachment":[{"href":"https:\/\/www.vmva.hu\/index.php\/wp-json\/wp\/v2\/media?parent=56"}],"curies":[{"name":"wp","href":"https:\/\/api.w.org\/{rel}","templated":true}]}}